{"id":86,"date":"2020-01-15T19:14:26","date_gmt":"2020-01-15T19:14:26","guid":{"rendered":"https:\/\/lichtfaden.ch\/?page_id=86"},"modified":"2025-04-01T17:32:06","modified_gmt":"2025-04-01T15:32:06","slug":"trommel-klang","status":"publish","type":"page","link":"https:\/\/lichtfaden.ch\/index.php\/trommel-klang\/","title":{"rendered":"Trommel-Klang"},"content":{"rendered":"<div>\n<p><span style=\"font-family: Arial, sans-serif;\">Vor \u00fcber 20 Jahren hat Peter bei Willi Huber, einem alten Freund, das Bauen von Indianischen Rahmentrommeln gelernt. Das Gelernte wurde stetig weiter entwickelt und perfektioniert. In all den Jahren sind so viele verschiedene Rahmentrommeln entstanden. <\/span><\/p>\n<p><span style=\"font-family: Arial, sans-serif;\">Jede Trommel ist ein absolutes Einzelst\u00fcck welches mit viel Liebe und Hingabe erschaffen wird. Durch die hohen Anspr\u00fcche an qualitativ hochstehende Materialien und Verarbeitung sind die Trommeln nicht nur wertvolle \u201eArbeitswerkzeuge\u201c sondern auch qualitativ hochwertige Instrumente.<\/span><\/p>\n<p><span style=\"font-family: Arial, sans-serif;\">Jede Trommel hat ihren ganz individuellen, einzigartigen Klang der ihr Wesen ausdr\u00fcckt. F\u00fcr uns ist jede Geburt einer neuen Trommel einzigartig und jedes mal aufs Neue ein Wunder.<\/span><\/p>\n<p><span style=\"font-family: Arial, sans-serif;\">Vor ein paar Jahren haben wir nebst der urspr\u00fcnglichen Trommel welche in einem 4er Kreuz endet eine weiter Trommel entwickelt. <\/span><\/p>\n<p><span style=\"font-family: Arial, sans-serif;\">Die neue Lebensbaum Trommel hat einen eingebundenen Lebensbaum als Holz. <\/span><\/p>\n<p><span style=\"font-family: Arial, sans-serif;\">Weil dieser Baum so wunderbar die Basis f\u00fcr \u201eLichtfaden\u201c symbolisiert wurde er zu unserem neuen Label. Der Lebensbaum als Symbol f\u00fcr die Verbindung von Oben und Unten, Links und Rechts bildet in sich im Kreis die goldene Mitte, das ist der Ort wo er auch zum Halten der Trommel gehalten wird. Gehalten von der Hand die entweder direkt zum Herz f\u00fchrt oder durch das Anklingen des Schl\u00e4gers \u00fcber die Trommel schlussendlich zum Herz f\u00fchrt. So oder so, es entsteht dadurch eine Verbindung, der Kreis schliesst sich \u00fcber die Trommel mit dem Herz. Das Herz die goldene Mitte und somit Verbindend zur Ur-Quelle-Erinnerung. Aus dem Herz entspringende Handlungen sind dann sinnbildlich die Lichtf\u00e4den die hinausgetragen werden.<\/span><\/p>\n<p><span style=\"font-family: Arial, sans-serif;\">Wir erschaffen immer wieder einzelne Trommeln die wir \u201eauf Vorrat\u201c gerne weiter geben (Richtpreise siehe weiter unten). Sehr gerne nehmen wir auch W\u00fcnsche f\u00fcr den Bau einer individuellen Trommel entgegen. Wir bieten auch die M\u00f6glichkeit die eigene Trommel, begleitet in einem 2-T\u00e4gigen Workshop, selber zu bauen. <\/span><\/p>\n<\/div>\n<div><strong>Rahmentrommeln<\/strong><\/div>\n<div><\/div>\n<div>F\u00fcr unsere Trommeln verwenden wir nur Materialien h\u00f6chster Qualit\u00e4t.<\/div>\n<div>Alle Rahmen werden aus einem St\u00fcck Eschenholz (auf Wunsch und Aufpreis auch andere H\u00f6lzer m\u00f6glich) Dampfgebogen. Das Holz stammt ausschlieslich aus der Schweiz und wir auch in der Schweiz verarbeitet.<\/div>\n<div>Der Preis der Trommel ist unterschiedlich, zum Einen spielt der Durchmesser des Rahmens eine Rolle, zum Anderen die verwendeten Haut-Materialien.<\/div>\n<div><\/div>\n<div><\/div>\n<div><strong>Trommelbau-Kurse<\/strong><\/div>\n<div><\/div>\n<p><a href=\"https:\/\/lichtfaden.ch\/index.php\/trommelbaukurs\/\"><strong>Trommelbau-Kurs 1+2 Juli 2023<\/strong><\/a><\/p>\n<div><img data-recalc-dims=\"1\" loading=\"lazy\" decoding=\"async\" class=\"alignnone wp-image-5234\" src=\"https:\/\/i0.wp.com\/lichtfaden.ch\/wp-content\/uploads\/2022\/01\/DSCN8636.jpg?resize=272%2C204&#038;ssl=1\" alt=\"\" width=\"272\" height=\"204\" srcset=\"https:\/\/i0.wp.com\/lichtfaden.ch\/wp-content\/uploads\/2022\/01\/DSCN8636.jpg?resize=300%2C225&amp;ssl=1 300w, https:\/\/i0.wp.com\/lichtfaden.ch\/wp-content\/uploads\/2022\/01\/DSCN8636.jpg?resize=600%2C450&amp;ssl=1 600w, https:\/\/i0.wp.com\/lichtfaden.ch\/wp-content\/uploads\/2022\/01\/DSCN8636.jpg?resize=1024%2C768&amp;ssl=1 1024w, https:\/\/i0.wp.com\/lichtfaden.ch\/wp-content\/uploads\/2022\/01\/DSCN8636.jpg?resize=768%2C576&amp;ssl=1 768w, https:\/\/i0.wp.com\/lichtfaden.ch\/wp-content\/uploads\/2022\/01\/DSCN8636.jpg?resize=1536%2C1152&amp;ssl=1 1536w, https:\/\/i0.wp.com\/lichtfaden.ch\/wp-content\/uploads\/2022\/01\/DSCN8636.jpg?resize=150%2C113&amp;ssl=1 150w, https:\/\/i0.wp.com\/lichtfaden.ch\/wp-content\/uploads\/2022\/01\/DSCN8636.jpg?w=1600&amp;ssl=1 1600w\" sizes=\"auto, (max-width: 272px) 100vw, 272px\" \/><img data-recalc-dims=\"1\" loading=\"lazy\" decoding=\"async\" class=\"alignnone wp-image-5235\" src=\"https:\/\/i0.wp.com\/lichtfaden.ch\/wp-content\/uploads\/2022\/01\/DSCN8587.jpg?resize=272%2C204&#038;ssl=1\" alt=\"\" width=\"272\" height=\"204\" srcset=\"https:\/\/i0.wp.com\/lichtfaden.ch\/wp-content\/uploads\/2022\/01\/DSCN8587.jpg?resize=300%2C225&amp;ssl=1 300w, https:\/\/i0.wp.com\/lichtfaden.ch\/wp-content\/uploads\/2022\/01\/DSCN8587.jpg?resize=600%2C450&amp;ssl=1 600w, https:\/\/i0.wp.com\/lichtfaden.ch\/wp-content\/uploads\/2022\/01\/DSCN8587.jpg?resize=1024%2C768&amp;ssl=1 1024w, https:\/\/i0.wp.com\/lichtfaden.ch\/wp-content\/uploads\/2022\/01\/DSCN8587.jpg?resize=768%2C576&amp;ssl=1 768w, https:\/\/i0.wp.com\/lichtfaden.ch\/wp-content\/uploads\/2022\/01\/DSCN8587.jpg?resize=1536%2C1152&amp;ssl=1 1536w, https:\/\/i0.wp.com\/lichtfaden.ch\/wp-content\/uploads\/2022\/01\/DSCN8587.jpg?resize=150%2C113&amp;ssl=1 150w, https:\/\/i0.wp.com\/lichtfaden.ch\/wp-content\/uploads\/2022\/01\/DSCN8587.jpg?w=1600&amp;ssl=1 1600w\" sizes=\"auto, (max-width: 272px) 100vw, 272px\" \/><img data-recalc-dims=\"1\" loading=\"lazy\" decoding=\"async\" class=\"wp-image-5236 alignnone\" src=\"https:\/\/i0.wp.com\/lichtfaden.ch\/wp-content\/uploads\/2022\/01\/DSCN8621.jpg?resize=273%2C205&#038;ssl=1\" alt=\"\" width=\"273\" height=\"205\" srcset=\"https:\/\/i0.wp.com\/lichtfaden.ch\/wp-content\/uploads\/2022\/01\/DSCN8621.jpg?resize=300%2C225&amp;ssl=1 300w, https:\/\/i0.wp.com\/lichtfaden.ch\/wp-content\/uploads\/2022\/01\/DSCN8621.jpg?resize=600%2C450&amp;ssl=1 600w, https:\/\/i0.wp.com\/lichtfaden.ch\/wp-content\/uploads\/2022\/01\/DSCN8621.jpg?resize=1024%2C768&amp;ssl=1 1024w, https:\/\/i0.wp.com\/lichtfaden.ch\/wp-content\/uploads\/2022\/01\/DSCN8621.jpg?resize=768%2C576&amp;ssl=1 768w, https:\/\/i0.wp.com\/lichtfaden.ch\/wp-content\/uploads\/2022\/01\/DSCN8621.jpg?resize=1536%2C1152&amp;ssl=1 1536w, https:\/\/i0.wp.com\/lichtfaden.ch\/wp-content\/uploads\/2022\/01\/DSCN8621.jpg?resize=150%2C113&amp;ssl=1 150w, https:\/\/i0.wp.com\/lichtfaden.ch\/wp-content\/uploads\/2022\/01\/DSCN8621.jpg?w=1600&amp;ssl=1 1600w\" sizes=\"auto, (max-width: 273px) 100vw, 273px\" \/><\/div>\n<p>&nbsp;<\/p>\n<div><\/div>\n<div><strong>Trommel-Katalog<\/strong><\/div>\n<p><em><a href=\"https:\/\/lichtfaden.ch\/index.php\/trommel-verkauf\/\" target=\"_blank\" rel=\"noopener\">Trommel-Verkauf<\/a><\/em><\/p>\n<p>&nbsp;<\/p>\n<div>Standard-Trommel:<\/div>\n<div><\/div>\n<div>\n<ul>\n<li>35er Esche \/ Hirsch\u00a0\u00a0\u00a0\u00a0\u00a0\u00a0\u00a0\u00a0\u00a0\u00a0\u00a0 370.-<\/li>\n<li>40er Esche \/ Hirsch\u00a0\u00a0\u00a0\u00a0\u00a0\u00a0\u00a0\u00a0\u00a0\u00a0 420.-<\/li>\n<li>45er Esche \/ Hirsch\u00a0\u00a0\u00a0\u00a0\u00a0\u00a0\u00a0\u00a0\u00a0\u00a0 480.-\n<div><img data-recalc-dims=\"1\" loading=\"lazy\" decoding=\"async\" class=\" wp-image-248 alignright\" src=\"https:\/\/i0.wp.com\/lichtfaden.ch\/wp-content\/uploads\/2020\/01\/14682072_649538665202895_3592788048934188347_o.jpg?resize=374%2C499&#038;ssl=1\" alt=\"\" width=\"374\" height=\"499\" srcset=\"https:\/\/i0.wp.com\/lichtfaden.ch\/wp-content\/uploads\/2020\/01\/14682072_649538665202895_3592788048934188347_o.jpg?resize=225%2C300&amp;ssl=1 225w, https:\/\/i0.wp.com\/lichtfaden.ch\/wp-content\/uploads\/2020\/01\/14682072_649538665202895_3592788048934188347_o.jpg?resize=600%2C800&amp;ssl=1 600w, https:\/\/i0.wp.com\/lichtfaden.ch\/wp-content\/uploads\/2020\/01\/14682072_649538665202895_3592788048934188347_o.jpg?resize=113%2C150&amp;ssl=1 113w, https:\/\/i0.wp.com\/lichtfaden.ch\/wp-content\/uploads\/2020\/01\/14682072_649538665202895_3592788048934188347_o.jpg?w=720&amp;ssl=1 720w\" sizes=\"auto, (max-width: 374px) 100vw, 374px\" \/><\/div>\n<\/li>\n<\/ul>\n<\/div>\n<div><\/div>\n<div>Lebensbaum-Trommel:<\/div>\n<div><\/div>\n<ul>\n<li>LBT &#8222;leer&#8220; 45er Esche \/ Hirsch\u00a0\u00a0\u00a0\u00a0\u00a0\u00a0\u00a0\u00a0\u00a0\u00a0 480.-<\/li>\n<li>LBT mit Baum Esche \/ Hirsch\u00a0\u00a0\u00a0\u00a0\u00a0\u00a0\u00a0\u00a0\u00a0\u00a0\u00a0 680.-<\/li>\n<li>LBT &#8222;leer&#8220; 60er Esche \/ Hirsch\u00a0\u00a0\u00a0\u00a0\u00a0\u00a0\u00a0\u00a0\u00a0 600.-<\/li>\n<li>LBT mit Baum Esche \/ Hirsch\u00a0\u00a0\u00a0\u00a0\u00a0\u00a0\u00a0\u00a0\u00a0\u00a0\u00a0 800.-<\/li>\n<\/ul>\n<div>Mama-Trommel:<\/div>\n<div><\/div>\n<div>Grosse Rahmentrommel auf St\u00e4nder<\/div>\n<div>Durchmesser 900mm; Esche \/ Hirsch\u00a0\u00a0\u00a0\u00a0 ab 1500.-<\/div>\n<div><\/div>\n<div><\/div>\n<div>Zu jeder Trommel wird ein Schl\u00e4ger mitgeliefert<\/div>\n<div>Jeder weitere Schl\u00e4ger kostet 32.-<\/div>\n<div><\/div>\n<div>(Auf Wunsch verwende ich auch andere H\u00e4ute.)<\/div>\n<p>&nbsp;<\/p>\n<p>&nbsp;<\/p>\n<p><img data-recalc-dims=\"1\" loading=\"lazy\" decoding=\"async\" class=\"size-medium wp-image-140 alignnone\" src=\"https:\/\/i0.wp.com\/lichtfaden.ch\/wp-content\/uploads\/2020\/01\/46686525_1105941426229281_5002516450246656000_o.jpg?resize=300%2C225&#038;ssl=1\" alt=\"\" width=\"300\" height=\"225\" srcset=\"https:\/\/i0.wp.com\/lichtfaden.ch\/wp-content\/uploads\/2020\/01\/46686525_1105941426229281_5002516450246656000_o.jpg?resize=300%2C225&amp;ssl=1 300w, https:\/\/i0.wp.com\/lichtfaden.ch\/wp-content\/uploads\/2020\/01\/46686525_1105941426229281_5002516450246656000_o.jpg?resize=600%2C450&amp;ssl=1 600w, https:\/\/i0.wp.com\/lichtfaden.ch\/wp-content\/uploads\/2020\/01\/46686525_1105941426229281_5002516450246656000_o.jpg?resize=768%2C576&amp;ssl=1 768w, https:\/\/i0.wp.com\/lichtfaden.ch\/wp-content\/uploads\/2020\/01\/46686525_1105941426229281_5002516450246656000_o.jpg?resize=150%2C113&amp;ssl=1 150w, https:\/\/i0.wp.com\/lichtfaden.ch\/wp-content\/uploads\/2020\/01\/46686525_1105941426229281_5002516450246656000_o.jpg?w=960&amp;ssl=1 960w\" sizes=\"auto, (max-width: 300px) 100vw, 300px\" \/> <img data-recalc-dims=\"1\" loading=\"lazy\" decoding=\"async\" class=\"size-medium wp-image-141 alignnone\" src=\"https:\/\/i0.wp.com\/lichtfaden.ch\/wp-content\/uploads\/2020\/01\/46648930_1105941422895948_6644069194344169472_o.jpg?resize=300%2C225&#038;ssl=1\" alt=\"\" width=\"300\" height=\"225\" srcset=\"https:\/\/i0.wp.com\/lichtfaden.ch\/wp-content\/uploads\/2020\/01\/46648930_1105941422895948_6644069194344169472_o.jpg?resize=300%2C225&amp;ssl=1 300w, https:\/\/i0.wp.com\/lichtfaden.ch\/wp-content\/uploads\/2020\/01\/46648930_1105941422895948_6644069194344169472_o.jpg?resize=600%2C450&amp;ssl=1 600w, https:\/\/i0.wp.com\/lichtfaden.ch\/wp-content\/uploads\/2020\/01\/46648930_1105941422895948_6644069194344169472_o.jpg?resize=1024%2C768&amp;ssl=1 1024w, https:\/\/i0.wp.com\/lichtfaden.ch\/wp-content\/uploads\/2020\/01\/46648930_1105941422895948_6644069194344169472_o.jpg?resize=768%2C576&amp;ssl=1 768w, https:\/\/i0.wp.com\/lichtfaden.ch\/wp-content\/uploads\/2020\/01\/46648930_1105941422895948_6644069194344169472_o.jpg?resize=1536%2C1152&amp;ssl=1 1536w, https:\/\/i0.wp.com\/lichtfaden.ch\/wp-content\/uploads\/2020\/01\/46648930_1105941422895948_6644069194344169472_o.jpg?resize=150%2C113&amp;ssl=1 150w, https:\/\/i0.wp.com\/lichtfaden.ch\/wp-content\/uploads\/2020\/01\/46648930_1105941422895948_6644069194344169472_o.jpg?w=2000&amp;ssl=1 2000w, https:\/\/i0.wp.com\/lichtfaden.ch\/wp-content\/uploads\/2020\/01\/46648930_1105941422895948_6644069194344169472_o.jpg?w=1800&amp;ssl=1 1800w\" sizes=\"auto, (max-width: 300px) 100vw, 300px\" \/><img data-recalc-dims=\"1\" loading=\"lazy\" decoding=\"async\" class=\"alignnone wp-image-115\" src=\"https:\/\/i0.wp.com\/lichtfaden.ch\/wp-content\/uploads\/2020\/01\/DSCN8654-e1579117707513-300x188.jpg?resize=359%2C225&#038;ssl=1\" alt=\"\" width=\"359\" height=\"225\" srcset=\"https:\/\/i0.wp.com\/lichtfaden.ch\/wp-content\/uploads\/2020\/01\/DSCN8654-e1579117707513.jpg?resize=300%2C188&amp;ssl=1 300w, https:\/\/i0.wp.com\/lichtfaden.ch\/wp-content\/uploads\/2020\/01\/DSCN8654-e1579117707513.jpg?resize=600%2C375&amp;ssl=1 600w, https:\/\/i0.wp.com\/lichtfaden.ch\/wp-content\/uploads\/2020\/01\/DSCN8654-e1579117707513.jpg?resize=1024%2C640&amp;ssl=1 1024w, https:\/\/i0.wp.com\/lichtfaden.ch\/wp-content\/uploads\/2020\/01\/DSCN8654-e1579117707513.jpg?resize=768%2C480&amp;ssl=1 768w, https:\/\/i0.wp.com\/lichtfaden.ch\/wp-content\/uploads\/2020\/01\/DSCN8654-e1579117707513.jpg?resize=1536%2C960&amp;ssl=1 1536w, https:\/\/i0.wp.com\/lichtfaden.ch\/wp-content\/uploads\/2020\/01\/DSCN8654-e1579117707513.jpg?resize=150%2C94&amp;ssl=1 150w, https:\/\/i0.wp.com\/lichtfaden.ch\/wp-content\/uploads\/2020\/01\/DSCN8654-e1579117707513.jpg?w=1600&amp;ssl=1 1600w\" sizes=\"auto, (max-width: 359px) 100vw, 359px\" \/> <img data-recalc-dims=\"1\" loading=\"lazy\" decoding=\"async\" class=\"alignnone size-medium wp-image-117\" src=\"https:\/\/i0.wp.com\/lichtfaden.ch\/wp-content\/uploads\/2020\/01\/DSCN8587.jpg?resize=300%2C225&#038;ssl=1\" alt=\"\" width=\"300\" height=\"225\" srcset=\"https:\/\/i0.wp.com\/lichtfaden.ch\/wp-content\/uploads\/2020\/01\/DSCN8587.jpg?resize=300%2C225&amp;ssl=1 300w, https:\/\/i0.wp.com\/lichtfaden.ch\/wp-content\/uploads\/2020\/01\/DSCN8587.jpg?resize=600%2C450&amp;ssl=1 600w, https:\/\/i0.wp.com\/lichtfaden.ch\/wp-content\/uploads\/2020\/01\/DSCN8587.jpg?resize=1024%2C768&amp;ssl=1 1024w, https:\/\/i0.wp.com\/lichtfaden.ch\/wp-content\/uploads\/2020\/01\/DSCN8587.jpg?resize=768%2C576&amp;ssl=1 768w, https:\/\/i0.wp.com\/lichtfaden.ch\/wp-content\/uploads\/2020\/01\/DSCN8587.jpg?resize=1536%2C1152&amp;ssl=1 1536w, https:\/\/i0.wp.com\/lichtfaden.ch\/wp-content\/uploads\/2020\/01\/DSCN8587.jpg?resize=150%2C113&amp;ssl=1 150w, https:\/\/i0.wp.com\/lichtfaden.ch\/wp-content\/uploads\/2020\/01\/DSCN8587.jpg?w=1600&amp;ssl=1 1600w\" sizes=\"auto, (max-width: 300px) 100vw, 300px\" \/> <img data-recalc-dims=\"1\" loading=\"lazy\" decoding=\"async\" class=\"wp-image-116 alignleft\" src=\"https:\/\/i0.wp.com\/lichtfaden.ch\/wp-content\/uploads\/2020\/01\/gosimg10AG02c001d5808080b3000012015qs0.jpg?resize=337%2C225&#038;ssl=1\" alt=\"\" width=\"337\" height=\"225\" srcset=\"https:\/\/i0.wp.com\/lichtfaden.ch\/wp-content\/uploads\/2020\/01\/gosimg10AG02c001d5808080b3000012015qs0.jpg?resize=300%2C200&amp;ssl=1 300w, https:\/\/i0.wp.com\/lichtfaden.ch\/wp-content\/uploads\/2020\/01\/gosimg10AG02c001d5808080b3000012015qs0.jpg?resize=600%2C400&amp;ssl=1 600w, https:\/\/i0.wp.com\/lichtfaden.ch\/wp-content\/uploads\/2020\/01\/gosimg10AG02c001d5808080b3000012015qs0.jpg?resize=150%2C100&amp;ssl=1 150w, https:\/\/i0.wp.com\/lichtfaden.ch\/wp-content\/uploads\/2020\/01\/gosimg10AG02c001d5808080b3000012015qs0.jpg?w=704&amp;ssl=1 704w\" sizes=\"auto, (max-width: 337px) 100vw, 337px\" \/><\/p>\n<p>&nbsp;<\/p>\n<p><a href=\"https:\/\/www.jungfrauzeitung.ch\/artikel\/148022\/\" target=\"_blank\" rel=\"noopener noreferrer\"><strong>Zeitungsartikel Jungfrauzeitung<\/strong><\/a><\/p>\n<p>&nbsp;<\/p>\n<p><a href=\"https:\/\/www.facebook.com\/Trommel-Klang-542473002576129\/\"><img data-recalc-dims=\"1\" loading=\"lazy\" decoding=\"async\" class=\"alignnone wp-image-88\" src=\"https:\/\/i0.wp.com\/lichtfaden.ch\/wp-content\/uploads\/2020\/01\/fb_icon_325x325.png?resize=50%2C50&#038;ssl=1\" alt=\"\" width=\"50\" height=\"50\" srcset=\"https:\/\/i0.wp.com\/lichtfaden.ch\/wp-content\/uploads\/2020\/01\/fb_icon_325x325.png?resize=300%2C300&amp;ssl=1 300w, https:\/\/i0.wp.com\/lichtfaden.ch\/wp-content\/uploads\/2020\/01\/fb_icon_325x325.png?resize=100%2C100&amp;ssl=1 100w, https:\/\/i0.wp.com\/lichtfaden.ch\/wp-content\/uploads\/2020\/01\/fb_icon_325x325.png?resize=150%2C150&amp;ssl=1 150w, https:\/\/i0.wp.com\/lichtfaden.ch\/wp-content\/uploads\/2020\/01\/fb_icon_325x325.png?w=325&amp;ssl=1 325w\" sizes=\"auto, (max-width: 50px) 100vw, 50px\" \/> \u00a0\u00a0 Trommel-Klang auf Facebook<\/a><\/p>\n","protected":false},"excerpt":{"rendered":"<p>Vor \u00fcber 20 Jahren hat Peter bei Willi Huber, einem alten Freund, das Bauen von Indianischen Rahmentrommeln gelernt. Das Gelernte wurde stetig weiter entwickelt und perfektioniert. In all den Jahren sind so viele verschiedene Rahmentrommeln entstanden. Jede Trommel ist ein absolutes Einzelst\u00fcck welches mit viel Liebe und Hingabe erschaffen wird&#8230;.<\/p>\n<p> <a class=\"continue-reading-link\" href=\"https:\/\/lichtfaden.ch\/index.php\/trommel-klang\/\"><span>Continue reading<\/span><i class=\"crycon-right-dir\"><\/i><\/a> <\/p>\n","protected":false},"author":1,"featured_media":0,"parent":0,"menu_order":0,"comment_status":"closed","ping_status":"closed","template":"","meta":{"footnotes":""},"class_list":["post-86","page","type-page","status-publish","hentry"],"jetpack_sharing_enabled":true,"_links":{"self":[{"href":"https:\/\/lichtfaden.ch\/index.php\/wp-json\/wp\/v2\/pages\/86","targetHints":{"allow":["GET"]}}],"collection":[{"href":"https:\/\/lichtfaden.ch\/index.php\/wp-json\/wp\/v2\/pages"}],"about":[{"href":"https:\/\/lichtfaden.ch\/index.php\/wp-json\/wp\/v2\/types\/page"}],"author":[{"embeddable":true,"href":"https:\/\/lichtfaden.ch\/index.php\/wp-json\/wp\/v2\/users\/1"}],"replies":[{"embeddable":true,"href":"https:\/\/lichtfaden.ch\/index.php\/wp-json\/wp\/v2\/comments?post=86"}],"version-history":[{"count":39,"href":"https:\/\/lichtfaden.ch\/index.php\/wp-json\/wp\/v2\/pages\/86\/revisions"}],"predecessor-version":[{"id":9038,"href":"https:\/\/lichtfaden.ch\/index.php\/wp-json\/wp\/v2\/pages\/86\/revisions\/9038"}],"wp:attachment":[{"href":"https:\/\/lichtfaden.ch\/index.php\/wp-json\/wp\/v2\/media?parent=86"}],"curies":[{"name":"wp","href":"https:\/\/api.w.org\/{rel}","templated":true}]}}