{"id":8336,"date":"2023-04-17T18:26:43","date_gmt":"2023-04-17T16:26:43","guid":{"rendered":"https:\/\/lichtfaden.ch\/?page_id=8336"},"modified":"2023-11-16T21:35:02","modified_gmt":"2023-11-16T19:35:02","slug":"trommelbaukurs","status":"publish","type":"page","link":"https:\/\/lichtfaden.ch\/index.php\/trommelbaukurs\/","title":{"rendered":"Trommelbaukurs"},"content":{"rendered":"<p style=\"text-align: center; margin: 6.0pt 0cm 0cm 0cm;\" align=\"center\"><b><u><span style=\"font-size: 36.0pt; font-family: Papyrus;\">Trommelbau-Kurs<\/span><\/u><\/b><\/p>\n<p style=\"text-align: center; margin: 6.0pt 0cm 0cm 0cm;\" align=\"center\"><b><span style=\"font-size: 18.0pt; font-family: Papyrus;\">20. &amp; 21. Januar 2024<\/span><\/b><\/p>\n<p style=\"text-align: center; margin: 6.0pt 0cm 0cm 0cm;\" align=\"center\"><b><span style=\"font-size: 13.5pt;\">Kursbeschreibung:<\/span><\/b><\/p>\n<p style=\"text-align: center; margin: 6.0pt 0cm 0cm 0cm;\" align=\"center\">Wir werden eine nach traditioneller Art gespannte Rahmentrommel fertigen. Dazu gestalten wir individuell einen Schl\u00e4ger, erfahren etwas \u00fcber die Pflege und das Spielen einer solchen Trommel. Begleitend werden wir auf spirituelle Weise, auf alle Elemente mit denen wir arbeiten, eingehen. Wir werden auch gemeinsam trommeln und singen.<\/p>\n<p style=\"text-align: center; margin: 6.0pt 0cm 0cm 0cm;\" align=\"center\"><b><span style=\"font-size: 13.5pt;\">Technische Daten:<\/span><\/b><\/p>\n<p style=\"text-align: center; margin: 6.0pt 0cm 0cm 0cm;\" align=\"center\">Der Rahmen (Durchmesser ca. 400mm oder 450mm, Aufpreis 50.&#8211;) besteht aus einem St\u00fcck im Dampf gebogenem Eschenholz.<\/p>\n<p style=\"text-align: center; margin: 6.0pt 0cm 0cm 0cm;\" align=\"center\">Die Haut stammt vom Rothirsch.<\/p>\n<p style=\"text-align: center; margin: 6.0pt 0cm 0cm 0cm;\" align=\"center\"><b><span style=\"font-size: 13.5pt;\">Kursdauer: 2 Tage<\/span><\/b><\/p>\n<p style=\"text-align: center; margin: 6.0pt 0cm 0cm 0cm;\" align=\"center\">9.00h-ca.18.00h \/ 9.00h-ca.16.00h<\/p>\n<p style=\"text-align: center; margin: 6.0pt 0cm 0cm 0cm;\" align=\"center\"><b><span style=\"font-size: 13.5pt;\">Preis: 600.&#8211;(650.&#8211;)<\/span><\/b><\/p>\n<p style=\"text-align: center; margin: 6.0pt 0cm 0cm 0cm;\" align=\"center\"><i>Die H\u00e4lfte des Betrages bitte vor dem Kurs auf folgendes Konto \u00fcberweisen:<\/i><\/p>\n<p style=\"text-align: center; margin: 6.0pt 0cm 0cm 0cm;\" align=\"center\"><i>Peter Siegrist-Fuchs; Bank EKI CH50 0839 3042 0219 1020 4<\/i><\/p>\n<p style=\"text-align: center; margin: 6.0pt 0cm 0cm 0cm;\" align=\"center\">Die andere H\u00e4lfte kann am Kurstag bezahlt werden.<\/p>\n<p style=\"text-align: center; margin: 6.0pt 0cm 0cm 0cm;\" align=\"center\"><u>Im Preis inbegriffen sind:<\/u><\/p>\n<p style=\"text-align: center; margin: 6.0pt 0cm 0cm 0cm;\" align=\"center\">-Standartmaterial f\u00fcr Trommel und Schl\u00e4ger<\/p>\n<p style=\"text-align: center; margin: 6.0pt 0cm 0cm 0cm;\" align=\"center\">-Fr\u00fcchte, Wasser und Tee<\/p>\n<p style=\"text-align: center; margin: 6.0pt 0cm 0cm 0cm;\" align=\"center\"><b>Kursort:<\/b><\/p>\n<p style=\"text-align: center; margin: 6.0pt 0cm 0cm 0cm;\" align=\"center\">Wychelstrasse 44, 3800 Matten<\/p>\n<p style=\"text-align: center; margin: 6.0pt 0cm 0cm 0cm;\" align=\"center\"><i>Besammlung ist um 9.00h an der Wychelstrasse 44 in Matten<\/i><\/p>\n<p style=\"text-align: center; margin: 6.0pt 0cm 0cm 0cm;\" align=\"center\">Anreise mit Auto: Parkplatz bei der Eisbahn in Matten, alternative \u00d6ffentliches Parkhaus PZI bei H\u00f6hematte<\/p>\n<p style=\"text-align: center; margin: 6.0pt 0cm 0cm 0cm;\" align=\"center\">Anreise mit \u00d6V: Mit der Bahn bis Interlaken West; ab Bahnhof Bus B104 bis Matten; Hotel Regina<\/p>\n<p style=\"text-align: center; margin: 6.0pt 0cm 0cm 0cm;\" align=\"center\"><u>Bitte folgendes mitbringen:<\/u><\/p>\n<p style=\"text-align: center; margin: 6.0pt 0cm 0cm 0cm;\" align=\"center\"><b>-Mittagessen (Sa+So) f\u00fcrs gemeinsame, vegetarische Buffet (f\u00fcr Brot ist gesorgt)<\/b><\/p>\n<p style=\"text-align: center; margin: 6.0pt 0cm 0cm 0cm;\" align=\"center\">-altes Frottiertuch ca. 60&#215;100 cm<\/p>\n<p style=\"text-align: center; margin: 6.0pt 0cm 0cm 0cm;\" align=\"center\">-Bequeme Kleidung und Hausschuhe<\/p>\n<p style=\"text-align: center; margin: 6.0pt 0cm 0cm 0cm;\" align=\"center\">-pers\u00f6nliche Gegenst\u00e4nde, welche Ihr f\u00fcr diesen Anlass mitnehmen wollt (z.B. F\u00e4cher, Amulett, Gl\u00fccksbringer, Stein\u2026)<\/p>\n<p style=\"text-align: center; margin: 6.0pt 0cm 0cm 0cm;\" align=\"center\">Anmeldung bitte \u00fcbers Mail. Bitte gebt an ob Ihr eine 400er oder 450er Trommel machen wollt. Aufpreis 450er 50.&#8211;. Bei Fragen stehe ich gerne zur Verf\u00fcgung.<\/p>\n<p style=\"text-align: center; margin: 6.0pt 0cm 0cm 0cm;\" align=\"center\">\n<p style=\"text-align: center; margin: 6.0pt 0cm 0cm 0cm;\" align=\"center\"><b>Anmeldeschluss: 31. Dezember 2023<\/b><\/p>\n<p style=\"text-align: center; margin: 6.0pt 0cm 0cm 0cm;\" align=\"center\">Peter Siegrist; Wychelstrasse 44, 3800 Matten<\/p>\n<p style=\"text-align: center; margin: 6.0pt 0cm 0cm 0cm;\" align=\"center\">info@tatanka.ch \/ 078 745 25 79<\/p>\n","protected":false},"excerpt":{"rendered":"<p>Trommelbau-Kurs 20. &amp; 21. Januar 2024 Kursbeschreibung: Wir werden eine nach traditioneller Art gespannte Rahmentrommel fertigen. Dazu gestalten wir individuell einen Schl\u00e4ger, erfahren etwas \u00fcber die Pflege und das Spielen einer solchen Trommel. Begleitend werden wir auf spirituelle Weise, auf alle Elemente mit denen wir arbeiten, eingehen. Wir werden auch&#8230;<\/p>\n<p> <a class=\"continue-reading-link\" href=\"https:\/\/lichtfaden.ch\/index.php\/trommelbaukurs\/\"><span>Continue reading<\/span><i class=\"crycon-right-dir\"><\/i><\/a> <\/p>\n","protected":false},"author":1,"featured_media":0,"parent":0,"menu_order":0,"comment_status":"closed","ping_status":"closed","template":"","meta":{"footnotes":""},"class_list":["post-8336","page","type-page","status-publish","hentry"],"jetpack_sharing_enabled":true,"_links":{"self":[{"href":"https:\/\/lichtfaden.ch\/index.php\/wp-json\/wp\/v2\/pages\/8336","targetHints":{"allow":["GET"]}}],"collection":[{"href":"https:\/\/lichtfaden.ch\/index.php\/wp-json\/wp\/v2\/pages"}],"about":[{"href":"https:\/\/lichtfaden.ch\/index.php\/wp-json\/wp\/v2\/types\/page"}],"author":[{"embeddable":true,"href":"https:\/\/lichtfaden.ch\/index.php\/wp-json\/wp\/v2\/users\/1"}],"replies":[{"embeddable":true,"href":"https:\/\/lichtfaden.ch\/index.php\/wp-json\/wp\/v2\/comments?post=8336"}],"version-history":[{"count":3,"href":"https:\/\/lichtfaden.ch\/index.php\/wp-json\/wp\/v2\/pages\/8336\/revisions"}],"predecessor-version":[{"id":8476,"href":"https:\/\/lichtfaden.ch\/index.php\/wp-json\/wp\/v2\/pages\/8336\/revisions\/8476"}],"wp:attachment":[{"href":"https:\/\/lichtfaden.ch\/index.php\/wp-json\/wp\/v2\/media?parent=8336"}],"curies":[{"name":"wp","href":"https:\/\/api.w.org\/{rel}","templated":true}]}}