{"id":2152,"date":"2020-03-07T22:04:23","date_gmt":"2020-03-07T21:04:23","guid":{"rendered":"https:\/\/lichtfaden.ch\/?page_id=2152"},"modified":"2020-03-07T22:04:23","modified_gmt":"2020-03-07T21:04:23","slug":"pflegeanleitung","status":"publish","type":"page","link":"https:\/\/lichtfaden.ch\/index.php\/pflegeanleitung\/","title":{"rendered":"Pflegeanleitung"},"content":{"rendered":"<p><span style=\"font-family: Comic Sans MS, cursive;\"><span style=\"font-size: small;\"><b>Wasch- und Pflegeanleitung f\u00fcr bedruckte Baumwollware<\/b><\/span><\/span><\/p>\n<p><span style=\"font-family: Comic Sans MS, cursive;\"><span style=\"font-size: small;\">Die Taschen und Beutel lassen sich problemlos bei 40\u00b0C waschen. Am langlebigsten sind die<\/span><\/span><\/p>\n<p><span style=\"font-family: Comic Sans MS, cursive;\"><span style=\"font-size: small;\">guten St\u00fccke wenn sie zum Waschen auf \u201elinks\u201c gedreht werden.<\/span><\/span><\/p>\n<p><span style=\"font-family: Comic Sans MS, cursive;\"><span style=\"font-size: small;\"><b>Pflegeanleitung f\u00fcr Holzschneidebretter<\/b><\/span><\/span><\/p>\n<p><span style=\"font-family: Comic Sans MS, cursive;\"><span style=\"font-size: small;\">Die Schneidebretter wurden mit Nativem-Oliven\u00f6l behandelt.<\/span><\/span><\/p>\n<p><span style=\"font-family: Comic Sans MS, cursive;\"><span style=\"font-size: small;\">Die Bretter mit lauwarmem Wasser oder mit einem sanften Sp\u00fchlmittel reinigen.<\/span><\/span><\/p>\n<p><span style=\"font-family: Comic Sans MS, cursive;\"><span style=\"font-size: small;\">Die Schneidebretter bekommen ihre sch\u00f6ne, gepflegte Struktur zur\u00fcck, wenn sie regelm\u00e4ssig mit wenig Oliven\u00f6l gepflegt werden. Daf\u00fcr einige Tropfen Oliven\u00f6l auf das Schneidebrett geben und mit einem Baumwolltuch (oder Haushaltpapier) sanft einreiben.<\/span><\/span><\/p>\n<p><span style=\"font-family: Comic Sans MS, cursive;\"><span style=\"font-size: small;\">Die Schneidebretter sind <i>nicht<\/i> Sp\u00fchlmaschinen geeignet.<\/span><\/span><\/p>\n<p><span style=\"font-family: Comic Sans MS, cursive;\"><span style=\"font-size: small;\"><b>Bienenwachskerzen<\/b><\/span><\/span><\/p>\n<p><span style=\"font-family: Comic Sans MS, cursive;\"><span style=\"font-size: small;\">Die Kerzen sind aus 100% reinem Bienenwachs von Hand gegossen. <\/span><\/span><\/p>\n<p><span style=\"font-family: Comic Sans MS, cursive;\"><span style=\"font-size: small;\">Die Kerzen lassen sich gut lagern. Wenn die Kerzen \u201eweiss\u201c anlaufen, ist das normal, es ist ein Qualit\u00e4tsmerkmal.<\/span><\/span><\/p>\n<p><span style=\"font-family: Comic Sans MS, cursive;\"><span style=\"font-size: small;\"><b>SternenTraum-Dinkelspreukissen und Traubenkernkissen<\/b><\/span><\/span><\/p>\n<p><span style=\"font-family: Comic Sans MS, cursive;\"><span style=\"font-size: small;\">Die Kissenh\u00fcllen sind waschbar bei 40\u00b0C.<\/span><\/span><\/p>\n<p><span style=\"font-family: Comic Sans MS, cursive;\"><span style=\"font-size: small;\">Innenkissen (mit Inhalt) sind nicht waschbar. Auf Wunsch k\u00f6nnen die Innenkissen bei uns neu bef\u00fcllt werden (daf\u00fcr werden die H\u00fcllen vor dem neuen Bef\u00fcllen gewaschen).<\/span><\/span><\/p>\n<p><span style=\"font-family: Comic Sans MS, cursive;\"><span style=\"font-size: small;\"><b>Wisch- und Wascht\u00fccher<\/b><\/span><\/span><\/p>\n<p><span style=\"font-family: Comic Sans MS, cursive;\"><span style=\"font-size: small;\">Die T\u00fccher sind waschbar bei 60\u00b0C.<\/span><\/span><\/p>\n<p><span style=\"font-family: Comic Sans MS, cursive;\"><span style=\"font-size: small;\"><b>Lederpflege<\/b><\/span><\/span><\/p>\n<p><span style=\"font-family: Comic Sans MS, cursive;\"><span style=\"font-size: small;\">Verschmutzungen mit einem feuchten Lappen abwischen. Trocknen lassen und mit Miracolo (im Shop erh\u00e4ltlich) eincremen. Einziehen lassen und mit einem Wolltuch nachpolieren.<\/span><\/span><\/p>\n<p><span style=\"font-family: Comic Sans MS, cursive;\"><span style=\"font-size: small;\"><b>Viel Freude mit den hochwertigen Produkten von Lichtfaden.ch<\/b><\/span><\/span><\/p>\n<p>&nbsp;<\/p>\n<p><a href=\"https:\/\/lichtfaden.ch\/wp-content\/uploads\/2020\/03\/Pflegeanleitungen.pdf\" target=\"_blank\" rel=\"noopener noreferrer\">Pflegeanleitungen PDF<\/a><\/p>\n","protected":false},"excerpt":{"rendered":"<p>Wasch- und Pflegeanleitung f\u00fcr bedruckte Baumwollware Die Taschen und Beutel lassen sich problemlos bei 40\u00b0C waschen. Am langlebigsten sind die guten St\u00fccke wenn sie zum Waschen auf \u201elinks\u201c gedreht werden. Pflegeanleitung f\u00fcr Holzschneidebretter Die Schneidebretter wurden mit Nativem-Oliven\u00f6l behandelt. Die Bretter mit lauwarmem Wasser oder mit einem sanften Sp\u00fchlmittel reinigen&#8230;.<\/p>\n<p> <a class=\"continue-reading-link\" href=\"https:\/\/lichtfaden.ch\/index.php\/pflegeanleitung\/\"><span>Continue reading<\/span><i class=\"crycon-right-dir\"><\/i><\/a> <\/p>\n","protected":false},"author":1,"featured_media":0,"parent":0,"menu_order":0,"comment_status":"closed","ping_status":"closed","template":"","meta":{"footnotes":""},"class_list":["post-2152","page","type-page","status-publish","hentry"],"jetpack_sharing_enabled":true,"_links":{"self":[{"href":"https:\/\/lichtfaden.ch\/index.php\/wp-json\/wp\/v2\/pages\/2152","targetHints":{"allow":["GET"]}}],"collection":[{"href":"https:\/\/lichtfaden.ch\/index.php\/wp-json\/wp\/v2\/pages"}],"about":[{"href":"https:\/\/lichtfaden.ch\/index.php\/wp-json\/wp\/v2\/types\/page"}],"author":[{"embeddable":true,"href":"https:\/\/lichtfaden.ch\/index.php\/wp-json\/wp\/v2\/users\/1"}],"replies":[{"embeddable":true,"href":"https:\/\/lichtfaden.ch\/index.php\/wp-json\/wp\/v2\/comments?post=2152"}],"version-history":[{"count":3,"href":"https:\/\/lichtfaden.ch\/index.php\/wp-json\/wp\/v2\/pages\/2152\/revisions"}],"predecessor-version":[{"id":2156,"href":"https:\/\/lichtfaden.ch\/index.php\/wp-json\/wp\/v2\/pages\/2152\/revisions\/2156"}],"wp:attachment":[{"href":"https:\/\/lichtfaden.ch\/index.php\/wp-json\/wp\/v2\/media?parent=2152"}],"curies":[{"name":"wp","href":"https:\/\/api.w.org\/{rel}","templated":true}]}}