{"id":1381,"date":"2020-02-26T19:39:21","date_gmt":"2020-02-26T19:39:21","guid":{"rendered":"https:\/\/lichtfaden.ch\/?page_id=1381"},"modified":"2020-02-26T19:46:18","modified_gmt":"2020-02-26T19:46:18","slug":"agbs","status":"publish","type":"page","link":"https:\/\/lichtfaden.ch\/index.php\/agbs\/","title":{"rendered":"AGB&#8217;s"},"content":{"rendered":"<p><strong>Willkommen bei Lichtfaden!<\/strong><\/p>\n<p>&nbsp;<\/p>\n<p><span class=\"\">Hinsichtlich der Verwendung Deiner\u00a0Daten, bitte lies die <a href=\"https:\/\/lichtfaden.ch\/index.php\/datenschutzerklaerung\" target=\"_blank\" rel=\"noopener noreferrer\">Datenschutzbedingungen<\/a><\/span><\/p>\n<p>&nbsp;<\/p>\n<p><strong>Preis<\/strong><\/p>\n<p>Die Preise im Shop sind in CHF ausgewiesen. Nicht inbegriffen im Preis sind die Kosten f\u00fcr Verpackung und Versand.<\/p>\n<p><strong>Zahlung\/Kontodaten<\/strong><\/p>\n<p>Ich bevorzuge PayPal, es ist aber auch m\u00f6glich via Bank\u00fcberweisung zu bezahlen.<br \/>\nZur Zeit k\u00f6nnt Ihr in meinem Shop nur via PayPal bezahlen.<br \/>\n\u00dcberweisung bitte per Vorkasse auf das angegebene Konto innerhalb von 7 Tagen<\/p>\n<p><em>Bank EKI<\/em><\/p>\n<p><em>IBAN: CH50 0839 3042 0219 1020 4<\/em><\/p>\n<p><em>Peter &amp; Melanie Siegrist-Fuchs<\/em><\/p>\n<p>&nbsp;<\/p>\n<p><strong>Versand<\/strong><\/p>\n<p>Der Versand erfolgt i.d.R. am n\u00e4chsten Werktag nach Zahlungseingang.<br \/>\nSobald das Geld auf meinem PayPal-Konto (oder Bankkonto) ist, werde ich die Ware via Post (B-Post) versenden.<br \/>\n3-5 Werktage nach Zahlungseingang<br \/>\nIhre Ware wird mit der schweizerischen Post versandt. Falls nichts anders vereinbart, wird die Ware mit B-Post verschickt (Schweiz: Paket bis 2 kg A-Post CHF 9.00, B-Post CHF 7.00)<\/p>\n<p><strong>Storno der Bestellung<\/strong><\/p>\n<p>Storno ist nur vor der Lieferung m\u00f6glich, jedoch nur nach vorherigem Mailkontakt mit uns.<\/p>\n<p><strong>R\u00fcckgabe<\/strong><\/p>\n<p>Eine R\u00fcckgabe ist nur m\u00f6glich, wenn die Ware keinerlei Anzeichen von Gebrauch aufweist.<br \/>\nWaren, die nicht nach Mass gefertigt wurden, k\u00f6nnen grunds\u00e4tzlich umgetauscht werden. Der Umtausch von Massanfertigungen ist nicht m\u00f6glich, jedoch haben Sie den Anspruch auf die Behebung allf\u00e4lliger M\u00e4ngel.<br \/>\nEs ist nicht m\u00f6glich, die Ware wieder zur\u00fcckzuschicken.<br \/>\nIch akzeptiere eine R\u00fccksendung der Ware innert 10 Tagen ohne Angabe von Gr\u00fcnden. Der Artikel muss unbenutzt und in einwandfreiem Zustand sein. Zur\u00fcckerstattet wird der Kaufbetrag abz\u00fcglich der angefallenen Spesen f\u00fcr den Versand.<br \/>\nEs gilt kein R\u00fcckgaberecht auf zugeschnittene Meterware.<br \/>\nRetournierte Produkte d\u00fcrfen keine Spuren von Gebrauch aufweisen.<\/p>\n<p><strong>M\u00e4ngel\/Umtausch<\/strong><\/p>\n<p>Sie als K\u00e4ufer sind verpflichtet, die Ware nach Erhalt zu pr\u00fcfen und M\u00e4ngel innerhalb von 10 Tagen schriftlich bei mir zu melden.<br \/>\nEs ist uns ein Anliegen, dass sie mit unseren Produkten gl\u00fccklich sind! \u2028Falls sie nicht Zufrieden sind, k\u00f6nnen sie die Ware ohne Angabe von Gr\u00fcnden, innerhalb von 10 Tagen an mich zur\u00fcckschicken. \u2028Der Kaufbetrag, abz\u00fcglich Versandkosten wird Ihnen dann zur\u00fcckerstattet.<br \/>\nReklamationen m\u00fcssen innerhalb von 14 Tagen nach Erhalt der Sendung erfolgen. Bei berechtigten Reklamationen stehen dem Kunden einer der gesetzlichen Gew\u00e4hrleistungsanspr\u00fcche nach meiner Wahl zu (R\u00fccknahme, Minderung, Ersatzlieferung).<br \/>\nDas Porto f\u00fcr eine allf\u00e4llige R\u00fccksendung, zwecks Umtausch oder Behebung der M\u00e4ngel, \u00fcbernehmen Sie als K\u00e4ufer.<br \/>\nUmtausch\/R\u00fcckgabe nur bei M\u00e4ngel, falscher Lieferung oder defekter Ware m\u00f6glich.<\/p>\n","protected":false},"excerpt":{"rendered":"<p>Willkommen bei Lichtfaden! &nbsp; Hinsichtlich der Verwendung Deiner\u00a0Daten, bitte lies die Datenschutzbedingungen &nbsp; Preis Die Preise im Shop sind in CHF ausgewiesen. Nicht inbegriffen im Preis sind die Kosten f\u00fcr Verpackung und Versand. Zahlung\/Kontodaten Ich bevorzuge PayPal, es ist aber auch m\u00f6glich via Bank\u00fcberweisung zu bezahlen. Zur Zeit k\u00f6nnt Ihr&#8230;<\/p>\n<p> <a class=\"continue-reading-link\" href=\"https:\/\/lichtfaden.ch\/index.php\/agbs\/\"><span>Continue reading<\/span><i class=\"crycon-right-dir\"><\/i><\/a> <\/p>\n","protected":false},"author":1,"featured_media":0,"parent":0,"menu_order":0,"comment_status":"closed","ping_status":"closed","template":"","meta":{"footnotes":""},"class_list":["post-1381","page","type-page","status-publish","hentry"],"jetpack_sharing_enabled":true,"_links":{"self":[{"href":"https:\/\/lichtfaden.ch\/index.php\/wp-json\/wp\/v2\/pages\/1381","targetHints":{"allow":["GET"]}}],"collection":[{"href":"https:\/\/lichtfaden.ch\/index.php\/wp-json\/wp\/v2\/pages"}],"about":[{"href":"https:\/\/lichtfaden.ch\/index.php\/wp-json\/wp\/v2\/types\/page"}],"author":[{"embeddable":true,"href":"https:\/\/lichtfaden.ch\/index.php\/wp-json\/wp\/v2\/users\/1"}],"replies":[{"embeddable":true,"href":"https:\/\/lichtfaden.ch\/index.php\/wp-json\/wp\/v2\/comments?post=1381"}],"version-history":[{"count":4,"href":"https:\/\/lichtfaden.ch\/index.php\/wp-json\/wp\/v2\/pages\/1381\/revisions"}],"predecessor-version":[{"id":1385,"href":"https:\/\/lichtfaden.ch\/index.php\/wp-json\/wp\/v2\/pages\/1381\/revisions\/1385"}],"wp:attachment":[{"href":"https:\/\/lichtfaden.ch\/index.php\/wp-json\/wp\/v2\/media?parent=1381"}],"curies":[{"name":"wp","href":"https:\/\/api.w.org\/{rel}","templated":true}]}}